{"id":2288,"date":"2023-09-04T01:14:02","date_gmt":"2023-09-03T23:14:02","guid":{"rendered":"https:\/\/leroyaumedescigognes.fr\/?page_id=2288"},"modified":"2024-02-01T22:10:06","modified_gmt":"2024-02-01T21:10:06","slug":"information-allergenes","status":"publish","type":"page","link":"https:\/\/leroyaumedescigognes.fr\/index.php\/information-allergenes\/","title":{"rendered":"Information allerg\u00e8nes"},"content":{"rendered":"\t\t<div data-elementor-type=\"wp-page\" data-elementor-id=\"2288\" class=\"elementor elementor-2288\">\n\t\t\t\t\t\t<section class=\"elementor-section elementor-top-section elementor-element elementor-element-6014361 elementor-section-boxed elementor-section-height-default elementor-section-height-default\" data-id=\"6014361\" data-element_type=\"section\" data-e-type=\"section\">\n\t\t\t\t\t\t<div class=\"elementor-container elementor-column-gap-default\">\n\t\t\t\t\t<div class=\"elementor-column elementor-col-100 elementor-top-column elementor-element elementor-element-6168e2a\" data-id=\"6168e2a\" data-element_type=\"column\" data-e-type=\"column\">\n\t\t\t<div class=\"elementor-widget-wrap elementor-element-populated\">\n\t\t\t\t\t\t<div class=\"elementor-element elementor-element-3543ba6 elementor-widget-divider--view-line elementor-widget elementor-widget-divider\" data-id=\"3543ba6\" data-element_type=\"widget\" data-e-type=\"widget\" data-widget_type=\"divider.default\">\n\t\t\t\t<div class=\"elementor-widget-container\">\n\t\t\t\t\t\t\t<div class=\"elementor-divider\">\n\t\t\t<span class=\"elementor-divider-separator\">\n\t\t\t\t\t\t<\/span>\n\t\t<\/div>\n\t\t\t\t\t\t<\/div>\n\t\t\t\t<\/div>\n\t\t\t\t\t<\/div>\n\t\t<\/div>\n\t\t\t\t\t<\/div>\n\t\t<\/section>\n\t\t\t\t<section class=\"elementor-section elementor-top-section elementor-element elementor-element-fbbe9c0 elementor-section-boxed elementor-section-height-default elementor-section-height-default\" data-id=\"fbbe9c0\" data-element_type=\"section\" data-e-type=\"section\">\n\t\t\t\t\t\t<div class=\"elementor-container elementor-column-gap-default\">\n\t\t\t\t\t<div class=\"elementor-column elementor-col-16 elementor-top-column elementor-element elementor-element-e5712ae\" data-id=\"e5712ae\" data-element_type=\"column\" data-e-type=\"column\">\n\t\t\t<div class=\"elementor-widget-wrap\">\n\t\t\t\t\t\t\t<\/div>\n\t\t<\/div>\n\t\t\t\t<div class=\"elementor-column elementor-col-66 elementor-top-column elementor-element elementor-element-cc48cef\" data-id=\"cc48cef\" data-element_type=\"column\" data-e-type=\"column\">\n\t\t\t<div class=\"elementor-widget-wrap elementor-element-populated\">\n\t\t\t\t\t\t<div class=\"elementor-element elementor-element-3f92716 elementor-widget elementor-widget-text-editor\" data-id=\"3f92716\" data-element_type=\"widget\" data-e-type=\"widget\" data-widget_type=\"text-editor.default\">\n\t\t\t\t<div class=\"elementor-widget-container\">\n\t\t\t\t\t\t\t\t\t<p>Chers visiteurs, un recueil d&rsquo;informations sur la pr\u00e9sence d&rsquo;allerg\u00e8nes dans nos plats est disponible via le <a href=\"https:\/\/docs.google.com\/spreadsheets\/d\/1OswMeZfUg-fCbuF4v8zHsTlPsxo-OkwwmxdHPfP1HjI\/edit?usp=sharing\">lien suivant <\/a>(veuillez noter qu&rsquo;il peut \u00e9voluer)<\/p>\t\t\t\t\t\t\t\t<\/div>\n\t\t\t\t<\/div>\n\t\t\t\t<div class=\"elementor-element elementor-element-49553b0 elementor-widget elementor-widget-spacer\" data-id=\"49553b0\" data-element_type=\"widget\" data-e-type=\"widget\" data-widget_type=\"spacer.default\">\n\t\t\t\t<div class=\"elementor-widget-container\">\n\t\t\t\t\t\t\t<div class=\"elementor-spacer\">\n\t\t\t<div class=\"elementor-spacer-inner\"><\/div>\n\t\t<\/div>\n\t\t\t\t\t\t<\/div>\n\t\t\t\t<\/div>\n\t\t\t\t\t<\/div>\n\t\t<\/div>\n\t\t\t\t<div class=\"elementor-column elementor-col-16 elementor-top-column elementor-element elementor-element-c3bcfe2\" data-id=\"c3bcfe2\" data-element_type=\"column\" data-e-type=\"column\">\n\t\t\t<div class=\"elementor-widget-wrap\">\n\t\t\t\t\t\t\t<\/div>\n\t\t<\/div>\n\t\t\t\t\t<\/div>\n\t\t<\/section>\n\t\t\t\t<\/div>\n\t\t","protected":false},"excerpt":{"rendered":"<p>Chers visiteurs, un recueil d&rsquo;informations sur la pr\u00e9sence d&rsquo;allerg\u00e8nes dans nos plats est disponible via le lien suivant (veuillez noter qu&rsquo;il peut \u00e9voluer)<\/p>\n","protected":false},"author":1,"featured_media":0,"parent":0,"menu_order":0,"comment_status":"closed","ping_status":"closed","template":"","meta":{"_regular_price":[],"currency_symbol":[],"om_disable_all_campaigns":false,"_uag_custom_page_level_css":"","_monsterinsights_skip_tracking":false,"_monsterinsights_sitenote_active":false,"_monsterinsights_sitenote_note":"","_monsterinsights_sitenote_category":0,"site-sidebar-layout":"default","site-content-layout":"","ast-site-content-layout":"default","site-content-style":"default","site-sidebar-style":"default","ast-global-header-display":"","ast-banner-title-visibility":"","ast-main-header-display":"","ast-hfb-above-header-display":"","ast-hfb-below-header-display":"","ast-hfb-mobile-header-display":"","site-post-title":"","ast-breadcrumbs-content":"","ast-featured-img":"","footer-sml-layout":"","ast-disable-related-posts":"","theme-transparent-header-meta":"","adv-header-id-meta":"","stick-header-meta":"","header-above-stick-meta":"","header-main-stick-meta":"","header-below-stick-meta":"","astra-migrate-meta-layouts":"default","ast-page-background-enabled":"default","ast-page-background-meta":{"desktop":{"background-color":"var(--ast-global-color-4)","background-image":"","background-repeat":"repeat","background-position":"center center","background-size":"auto","background-attachment":"scroll","background-type":"","background-media":"","overlay-type":"","overlay-color":"","overlay-opacity":"","overlay-gradient":""},"tablet":{"background-color":"","background-image":"","background-repeat":"repeat","background-position":"center center","background-size":"auto","background-attachment":"scroll","background-type":"","background-media":"","overlay-type":"","overlay-color":"","overlay-opacity":"","overlay-gradient":""},"mobile":{"background-color":"","background-image":"","background-repeat":"repeat","background-position":"center center","background-size":"auto","background-attachment":"scroll","background-type":"","background-media":"","overlay-type":"","overlay-color":"","overlay-opacity":"","overlay-gradient":""}},"ast-content-background-meta":{"desktop":{"background-color":"var(--ast-global-color-5)","background-image":"","background-repeat":"repeat","background-position":"center center","background-size":"auto","background-attachment":"scroll","background-type":"","background-media":"","overlay-type":"","overlay-color":"","overlay-opacity":"","overlay-gradient":""},"tablet":{"background-color":"var(--ast-global-color-5)","background-image":"","background-repeat":"repeat","background-position":"center center","background-size":"auto","background-attachment":"scroll","background-type":"","background-media":"","overlay-type":"","overlay-color":"","overlay-opacity":"","overlay-gradient":""},"mobile":{"background-color":"var(--ast-global-color-5)","background-image":"","background-repeat":"repeat","background-position":"center center","background-size":"auto","background-attachment":"scroll","background-type":"","background-media":"","overlay-type":"","overlay-color":"","overlay-opacity":"","overlay-gradient":""}},"footnotes":""},"class_list":["post-2288","page","type-page","status-publish","hentry"],"post_slider_layout_featured_media_urls":{"thumbnail":"","post_slider_layout_landscape_large":"","post_slider_layout_portrait_large":"","post_slider_layout_square_large":"","post_slider_layout_landscape":"","post_slider_layout_portrait":"","post_slider_layout_square":"","full":""},"yoast_head":"<!-- This site is optimized with the Yoast SEO plugin v26.8 - https:\/\/yoast.com\/product\/yoast-seo-wordpress\/ -->\n<title>Information allerg\u00e8nes - Le Royaume des Cigognes<\/title>\n<meta name=\"robots\" content=\"noindex, nofollow\" \/>\n<meta property=\"og:locale\" content=\"fr_FR\" \/>\n<meta property=\"og:type\" content=\"article\" \/>\n<meta property=\"og:title\" content=\"Information allerg\u00e8nes - Le Royaume des Cigognes\" \/>\n<meta property=\"og:description\" content=\"Chers visiteurs, un recueil d&rsquo;informations sur la pr\u00e9sence d&rsquo;allerg\u00e8nes dans nos plats est disponible via le lien suivant (veuillez noter qu&rsquo;il peut \u00e9voluer)\" \/>\n<meta property=\"og:url\" content=\"https:\/\/leroyaumedescigognes.fr\/index.php\/information-allergenes\/\" \/>\n<meta property=\"og:site_name\" content=\"Le Royaume des Cigognes\" \/>\n<meta property=\"article:publisher\" content=\"https:\/\/www.facebook.com\/royaumedescigognes\" \/>\n<meta property=\"article:modified_time\" content=\"2024-02-01T21:10:06+00:00\" \/>\n<meta property=\"og:image\" content=\"https:\/\/leroyaumedescigognes.fr\/wp-content\/uploads\/2022\/11\/cropped-2021-07-09.jpg\" \/>\n\t<meta property=\"og:image:width\" content=\"680\" \/>\n\t<meta property=\"og:image:height\" content=\"421\" \/>\n\t<meta property=\"og:image:type\" content=\"image\/jpeg\" \/>\n<meta name=\"twitter:card\" content=\"summary_large_image\" \/>\n<meta name=\"twitter:label1\" content=\"Dur\u00e9e de lecture estim\u00e9e\" \/>\n\t<meta name=\"twitter:data1\" content=\"1 minute\" \/>\n<script type=\"application\/ld+json\" class=\"yoast-schema-graph\">{\"@context\":\"https:\/\/schema.org\",\"@graph\":[{\"@type\":\"WebPage\",\"@id\":\"https:\/\/leroyaumedescigognes.fr\/index.php\/information-allergenes\/\",\"url\":\"https:\/\/leroyaumedescigognes.fr\/index.php\/information-allergenes\/\",\"name\":\"Information allerg\u00e8nes - Le Royaume des Cigognes\",\"isPartOf\":{\"@id\":\"https:\/\/leroyaumedescigognes.fr\/#website\"},\"datePublished\":\"2023-09-03T23:14:02+00:00\",\"dateModified\":\"2024-02-01T21:10:06+00:00\",\"breadcrumb\":{\"@id\":\"https:\/\/leroyaumedescigognes.fr\/index.php\/information-allergenes\/#breadcrumb\"},\"inLanguage\":\"fr-FR\",\"potentialAction\":[{\"@type\":\"ReadAction\",\"target\":[\"https:\/\/leroyaumedescigognes.fr\/index.php\/information-allergenes\/\"]}]},{\"@type\":\"BreadcrumbList\",\"@id\":\"https:\/\/leroyaumedescigognes.fr\/index.php\/information-allergenes\/#breadcrumb\",\"itemListElement\":[{\"@type\":\"ListItem\",\"position\":1,\"name\":\"Accueil\",\"item\":\"https:\/\/leroyaumedescigognes.fr\/\"},{\"@type\":\"ListItem\",\"position\":2,\"name\":\"Information allerg\u00e8nes\"}]},{\"@type\":\"WebSite\",\"@id\":\"https:\/\/leroyaumedescigognes.fr\/#website\",\"url\":\"https:\/\/leroyaumedescigognes.fr\/\",\"name\":\"Le Royaume des Cigognes\",\"description\":\"Restaurant chinois buffet \u00e0 volont\u00e9\",\"publisher\":{\"@id\":\"https:\/\/leroyaumedescigognes.fr\/#organization\"},\"potentialAction\":[{\"@type\":\"SearchAction\",\"target\":{\"@type\":\"EntryPoint\",\"urlTemplate\":\"https:\/\/leroyaumedescigognes.fr\/?s={search_term_string}\"},\"query-input\":{\"@type\":\"PropertyValueSpecification\",\"valueRequired\":true,\"valueName\":\"search_term_string\"}}],\"inLanguage\":\"fr-FR\"},{\"@type\":\"Organization\",\"@id\":\"https:\/\/leroyaumedescigognes.fr\/#organization\",\"name\":\"Le Royaume des Cigognes\",\"url\":\"https:\/\/leroyaumedescigognes.fr\/\",\"logo\":{\"@type\":\"ImageObject\",\"inLanguage\":\"fr-FR\",\"@id\":\"https:\/\/leroyaumedescigognes.fr\/#\/schema\/logo\/image\/\",\"url\":\"https:\/\/leroyaumedescigognes.fr\/wp-content\/uploads\/2023\/01\/logo-white-1-300x251-1.png\",\"contentUrl\":\"https:\/\/leroyaumedescigognes.fr\/wp-content\/uploads\/2023\/01\/logo-white-1-300x251-1.png\",\"width\":300,\"height\":251,\"caption\":\"Le Royaume des Cigognes\"},\"image\":{\"@id\":\"https:\/\/leroyaumedescigognes.fr\/#\/schema\/logo\/image\/\"},\"sameAs\":[\"https:\/\/www.facebook.com\/royaumedescigognes\",\"https:\/\/www.instagram.com\/royaumedescigognes\/\"]}]}<\/script>\n<!-- \/ Yoast SEO plugin. -->","yoast_head_json":{"title":"Information allerg\u00e8nes - Le Royaume des Cigognes","robots":{"index":"noindex","follow":"nofollow"},"og_locale":"fr_FR","og_type":"article","og_title":"Information allerg\u00e8nes - Le Royaume des Cigognes","og_description":"Chers visiteurs, un recueil d&rsquo;informations sur la pr\u00e9sence d&rsquo;allerg\u00e8nes dans nos plats est disponible via le lien suivant (veuillez noter qu&rsquo;il peut \u00e9voluer)","og_url":"https:\/\/leroyaumedescigognes.fr\/index.php\/information-allergenes\/","og_site_name":"Le Royaume des Cigognes","article_publisher":"https:\/\/www.facebook.com\/royaumedescigognes","article_modified_time":"2024-02-01T21:10:06+00:00","og_image":[{"width":680,"height":421,"url":"https:\/\/leroyaumedescigognes.fr\/wp-content\/uploads\/2022\/11\/cropped-2021-07-09.jpg","type":"image\/jpeg"}],"twitter_card":"summary_large_image","twitter_misc":{"Dur\u00e9e de lecture estim\u00e9e":"1 minute"},"schema":{"@context":"https:\/\/schema.org","@graph":[{"@type":"WebPage","@id":"https:\/\/leroyaumedescigognes.fr\/index.php\/information-allergenes\/","url":"https:\/\/leroyaumedescigognes.fr\/index.php\/information-allergenes\/","name":"Information allerg\u00e8nes - Le Royaume des Cigognes","isPartOf":{"@id":"https:\/\/leroyaumedescigognes.fr\/#website"},"datePublished":"2023-09-03T23:14:02+00:00","dateModified":"2024-02-01T21:10:06+00:00","breadcrumb":{"@id":"https:\/\/leroyaumedescigognes.fr\/index.php\/information-allergenes\/#breadcrumb"},"inLanguage":"fr-FR","potentialAction":[{"@type":"ReadAction","target":["https:\/\/leroyaumedescigognes.fr\/index.php\/information-allergenes\/"]}]},{"@type":"BreadcrumbList","@id":"https:\/\/leroyaumedescigognes.fr\/index.php\/information-allergenes\/#breadcrumb","itemListElement":[{"@type":"ListItem","position":1,"name":"Accueil","item":"https:\/\/leroyaumedescigognes.fr\/"},{"@type":"ListItem","position":2,"name":"Information allerg\u00e8nes"}]},{"@type":"WebSite","@id":"https:\/\/leroyaumedescigognes.fr\/#website","url":"https:\/\/leroyaumedescigognes.fr\/","name":"Le Royaume des Cigognes","description":"Restaurant chinois buffet \u00e0 volont\u00e9","publisher":{"@id":"https:\/\/leroyaumedescigognes.fr\/#organization"},"potentialAction":[{"@type":"SearchAction","target":{"@type":"EntryPoint","urlTemplate":"https:\/\/leroyaumedescigognes.fr\/?s={search_term_string}"},"query-input":{"@type":"PropertyValueSpecification","valueRequired":true,"valueName":"search_term_string"}}],"inLanguage":"fr-FR"},{"@type":"Organization","@id":"https:\/\/leroyaumedescigognes.fr\/#organization","name":"Le Royaume des Cigognes","url":"https:\/\/leroyaumedescigognes.fr\/","logo":{"@type":"ImageObject","inLanguage":"fr-FR","@id":"https:\/\/leroyaumedescigognes.fr\/#\/schema\/logo\/image\/","url":"https:\/\/leroyaumedescigognes.fr\/wp-content\/uploads\/2023\/01\/logo-white-1-300x251-1.png","contentUrl":"https:\/\/leroyaumedescigognes.fr\/wp-content\/uploads\/2023\/01\/logo-white-1-300x251-1.png","width":300,"height":251,"caption":"Le Royaume des Cigognes"},"image":{"@id":"https:\/\/leroyaumedescigognes.fr\/#\/schema\/logo\/image\/"},"sameAs":["https:\/\/www.facebook.com\/royaumedescigognes","https:\/\/www.instagram.com\/royaumedescigognes\/"]}]}},"uagb_featured_image_src":{"full":false,"thumbnail":false,"medium":false,"medium_large":false,"large":false,"1536x1536":false,"2048x2048":false,"post_slider_layout_landscape_large":false,"post_slider_layout_portrait_large":false,"post_slider_layout_square_large":false,"post_slider_layout_landscape":false,"post_slider_layout_portrait":false,"post_slider_layout_square":false},"uagb_author_info":{"display_name":"xinzongcheng","author_link":"https:\/\/leroyaumedescigognes.fr\/index.php\/author\/xinzongcheng\/"},"uagb_comment_info":0,"uagb_excerpt":"Chers visiteurs, un recueil d&rsquo;informations sur la pr\u00e9sence d&rsquo;allerg\u00e8nes dans nos plats est disponible via le lien suivant (veuillez noter qu&rsquo;il peut \u00e9voluer)","_links":{"self":[{"href":"https:\/\/leroyaumedescigognes.fr\/index.php\/wp-json\/wp\/v2\/pages\/2288","targetHints":{"allow":["GET"]}}],"collection":[{"href":"https:\/\/leroyaumedescigognes.fr\/index.php\/wp-json\/wp\/v2\/pages"}],"about":[{"href":"https:\/\/leroyaumedescigognes.fr\/index.php\/wp-json\/wp\/v2\/types\/page"}],"author":[{"embeddable":true,"href":"https:\/\/leroyaumedescigognes.fr\/index.php\/wp-json\/wp\/v2\/users\/1"}],"replies":[{"embeddable":true,"href":"https:\/\/leroyaumedescigognes.fr\/index.php\/wp-json\/wp\/v2\/comments?post=2288"}],"version-history":[{"count":21,"href":"https:\/\/leroyaumedescigognes.fr\/index.php\/wp-json\/wp\/v2\/pages\/2288\/revisions"}],"predecessor-version":[{"id":2678,"href":"https:\/\/leroyaumedescigognes.fr\/index.php\/wp-json\/wp\/v2\/pages\/2288\/revisions\/2678"}],"wp:attachment":[{"href":"https:\/\/leroyaumedescigognes.fr\/index.php\/wp-json\/wp\/v2\/media?parent=2288"}],"curies":[{"name":"wp","href":"https:\/\/api.w.org\/{rel}","templated":true}]}}